{"id":10,"date":"2020-09-15T06:48:15","date_gmt":"2020-09-15T06:48:15","guid":{"rendered":"https:\/\/puntabandera.org\/?page_id=10"},"modified":"2024-09-22T14:05:10","modified_gmt":"2024-09-22T14:05:10","slug":"home","status":"publish","type":"page","link":"https:\/\/puntabandera.org\/","title":{"rendered":"Home"},"content":{"rendered":"\n<div class=\"wp-block-cover alignfull is-light\" style=\"min-height:100vh;aspect-ratio:unset;\"><span aria-hidden=\"true\" class=\"wp-block-cover__background has-background-dim-10 has-background-dim\" style=\"background-color:#000000\"><\/span><img fetchpriority=\"high\" decoding=\"async\" width=\"2048\" height=\"1366\" class=\"wp-block-cover__image-background wp-image-198\" alt=\"\" src=\"https:\/\/puntabandera.org\/wp-content\/uploads\/2022\/04\/2V7A6645.jpg\" data-object-fit=\"cover\" srcset=\"https:\/\/puntabandera.org\/wp-content\/uploads\/2022\/04\/2V7A6645.jpg 2048w, https:\/\/puntabandera.org\/wp-content\/uploads\/2022\/04\/2V7A6645-300x200.jpg 300w, https:\/\/puntabandera.org\/wp-content\/uploads\/2022\/04\/2V7A6645-1024x683.jpg 1024w, https:\/\/puntabandera.org\/wp-content\/uploads\/2022\/04\/2V7A6645-768x512.jpg 768w, https:\/\/puntabandera.org\/wp-content\/uploads\/2022\/04\/2V7A6645-1536x1025.jpg 1536w\" sizes=\"(max-width: 2048px) 100vw, 2048px\" \/><div class=\"wp-block-cover__inner-container is-layout-flow wp-block-cover-is-layout-flow\">\n<h3 class=\"wp-block-heading has-text-align-center has-text-color\" id=\"organizacion-sin-fines-de-lucro-contra-el-desarollo-de-punta-la-bandera\" style=\"color:#ffffff\">Organizaci<strong>\u00f3n<\/strong> sin fines de lucro contra la destrucci\u00f3n de Punta la Bandera y Luquillo <\/h3>\n\n\n\n<hr class=\"wp-block-separator has-text-color has-css-opacity has-background aligncenter\" style=\"background-color:#ffffff;color:#ffffff\"\/>\n\n\n\n<h1 class=\"wp-block-heading has-text-align-center has-text-color\" id=\"protege-punta-bandera\" style=\"color:#ffffff\"><\/h1>\n\n\n\n<p><\/p>\n\n\n\n<p><\/p>\n\n\n\n<p><\/p>\n\n\n\n<p><\/p>\n\n\n\n<p><\/p>\n\n\n\n<p><\/p>\n\n\n\n<p><\/p>\n\n\n\n<p><\/p>\n\n\n\n<h1 class=\"wp-block-heading has-text-align-center has-text-color\" id=\"protege-punta-bandera\" style=\"color:#ffffff\">Protege Punta bandera<\/h1>\n\n\n\n<div class=\"wp-block-buttons is-horizontal is-content-justification-center is-layout-flex wp-container-core-buttons-is-layout-499968f5 wp-block-buttons-is-layout-flex\">\n<div class=\"wp-block-button\"><a class=\"wp-block-button__link has-ast-global-color-1-background-color has-background wp-element-button\" href=\"https:\/\/puntabandera.org\/?page_id=8\" style=\"border-radius:43px\">Mas informacion \/ learn more<\/a><\/div>\n\n\n\n<div class=\"wp-block-button\"><a class=\"wp-block-button__link has-ast-global-color-1-background-color has-background wp-element-button\" href=\"https:\/\/puntabandera.org\/?page_id=7\" style=\"border-radius:43px\">donaciones \/ donations<\/a><\/div>\n<\/div>\n<\/div><\/div>\n\n\n\n<div class=\"wp-block-group alignfull has-ast-global-color-4-background-color has-background is-layout-flow wp-block-group-is-layout-flow\"><div class=\"wp-block-group__inner-container\">\n<p class=\"has-text-align-center\"><\/p>\n<\/div><\/div>\n\n\n\n<figure class=\"wp-block-image size-large is-resized\"><a href=\"https:\/\/puntabandera.org\/?p=276\"><img decoding=\"async\" width=\"1024\" height=\"776\" src=\"https:\/\/puntabandera.org\/wp-content\/uploads\/2024\/09\/Screenshot-2024-09-22-100406-1024x776.png\" alt=\"\" class=\"wp-image-312\" style=\"width:1199px;height:auto\" srcset=\"https:\/\/puntabandera.org\/wp-content\/uploads\/2024\/09\/Screenshot-2024-09-22-100406-1024x776.png 1024w, https:\/\/puntabandera.org\/wp-content\/uploads\/2024\/09\/Screenshot-2024-09-22-100406-300x227.png 300w, https:\/\/puntabandera.org\/wp-content\/uploads\/2024\/09\/Screenshot-2024-09-22-100406-768x582.png 768w, https:\/\/puntabandera.org\/wp-content\/uploads\/2024\/09\/Screenshot-2024-09-22-100406.png 1380w\" sizes=\"(max-width: 1024px) 100vw, 1024px\" \/><\/a><\/figure>\n\n\n\n<figure class=\"wp-block-embed is-type-video is-provider-youtube wp-block-embed-youtube wp-embed-aspect-16-9 wp-has-aspect-ratio\"><div class=\"wp-block-embed__wrapper\">\n<div class=\"ast-oembed-container\"><iframe title=\"Protege Punta Bandera, Luquillo (Puerto Rico)  - Mini Documentario\" width=\"500\" height=\"281\" src=\"https:\/\/www.youtube.com\/embed\/TNNOm6AaMUc?start=1&#038;feature=oembed\" frameborder=\"0\" allow=\"accelerometer; autoplay; clipboard-write; encrypted-media; gyroscope; picture-in-picture; web-share\" referrerpolicy=\"strict-origin-when-cross-origin\" allowfullscreen><\/iframe><\/div>\n<\/div><\/figure>\n\n\n\n<div class=\"wp-block-group alignfull has-ast-global-color-5-background-color has-background is-layout-flow wp-block-group-is-layout-flow\"><div class=\"wp-block-group__inner-container\">\n<div class=\"wp-block-columns is-layout-flex wp-container-core-columns-is-layout-9d6595d7 wp-block-columns-is-layout-flex\">\n<div class=\"wp-block-column is-layout-flow wp-block-column-is-layout-flow\"><\/div>\n<\/div>\n\n\n\n<div class=\"wp-block-columns alignwide is-layout-flex wp-container-core-columns-is-layout-9d6595d7 wp-block-columns-is-layout-flex\">\n<div class=\"wp-block-column is-layout-flow wp-block-column-is-layout-flow\">\n<div class=\"wp-block-group is-layout-flow wp-block-group-is-layout-flow\"><div class=\"wp-block-group__inner-container\">\n<h5 class=\"wp-block-heading has-text-align-center\" id=\"impacto-ecologico\">Fotos de Punta la Bandera \/ Pictures from Punta la Bandera<\/h5>\n\n\n\n<div class=\"wp-block-columns is-layout-flex wp-container-core-columns-is-layout-9d6595d7 wp-block-columns-is-layout-flex\">\n<div class=\"wp-block-column is-layout-flow wp-block-column-is-layout-flow\">\n<figure class=\"wp-block-image size-large\"><img decoding=\"async\" width=\"1024\" height=\"683\" src=\"https:\/\/puntabandera.org\/wp-content\/uploads\/2022\/04\/2V7A6246-1024x683.jpg\" alt=\"\" class=\"wp-image-267\" srcset=\"https:\/\/puntabandera.org\/wp-content\/uploads\/2022\/04\/2V7A6246-1024x683.jpg 1024w, https:\/\/puntabandera.org\/wp-content\/uploads\/2022\/04\/2V7A6246-300x200.jpg 300w, https:\/\/puntabandera.org\/wp-content\/uploads\/2022\/04\/2V7A6246-768x512.jpg 768w, https:\/\/puntabandera.org\/wp-content\/uploads\/2022\/04\/2V7A6246-1536x1025.jpg 1536w, https:\/\/puntabandera.org\/wp-content\/uploads\/2022\/04\/2V7A6246.jpg 2048w\" sizes=\"(max-width: 1024px) 100vw, 1024px\" \/><\/figure>\n<\/div>\n\n\n\n<div class=\"wp-block-column is-layout-flow wp-block-column-is-layout-flow\">\n<figure class=\"wp-block-image size-large\"><img loading=\"lazy\" decoding=\"async\" width=\"1024\" height=\"683\" src=\"https:\/\/puntabandera.org\/wp-content\/uploads\/2022\/04\/2V7A6304-1024x683.jpg\" alt=\"\" class=\"wp-image-269\" srcset=\"https:\/\/puntabandera.org\/wp-content\/uploads\/2022\/04\/2V7A6304-1024x683.jpg 1024w, https:\/\/puntabandera.org\/wp-content\/uploads\/2022\/04\/2V7A6304-300x200.jpg 300w, https:\/\/puntabandera.org\/wp-content\/uploads\/2022\/04\/2V7A6304-768x512.jpg 768w, https:\/\/puntabandera.org\/wp-content\/uploads\/2022\/04\/2V7A6304-1536x1025.jpg 1536w, https:\/\/puntabandera.org\/wp-content\/uploads\/2022\/04\/2V7A6304.jpg 2048w\" sizes=\"(max-width: 1024px) 100vw, 1024px\" \/><figcaption class=\"wp-element-caption\">Salida de la quebrada en Punta la Bandera<\/figcaption><\/figure>\n<\/div>\n<\/div>\n\n\n\n<div class=\"wp-block-columns is-layout-flex wp-container-core-columns-is-layout-9d6595d7 wp-block-columns-is-layout-flex\">\n<div class=\"wp-block-column is-layout-flow wp-block-column-is-layout-flow\">\n<figure class=\"wp-block-image size-large\"><img loading=\"lazy\" decoding=\"async\" width=\"1024\" height=\"768\" src=\"https:\/\/puntabandera.org\/wp-content\/uploads\/2022\/02\/WhatsApp-Image-2022-01-25-at-2.23.23-PM-1024x768.jpeg\" alt=\"\" class=\"wp-image-175\" srcset=\"https:\/\/puntabandera.org\/wp-content\/uploads\/2022\/02\/WhatsApp-Image-2022-01-25-at-2.23.23-PM-1024x768.jpeg 1024w, https:\/\/puntabandera.org\/wp-content\/uploads\/2022\/02\/WhatsApp-Image-2022-01-25-at-2.23.23-PM-300x225.jpeg 300w, https:\/\/puntabandera.org\/wp-content\/uploads\/2022\/02\/WhatsApp-Image-2022-01-25-at-2.23.23-PM-768x576.jpeg 768w, https:\/\/puntabandera.org\/wp-content\/uploads\/2022\/02\/WhatsApp-Image-2022-01-25-at-2.23.23-PM-1536x1152.jpeg 1536w, https:\/\/puntabandera.org\/wp-content\/uploads\/2022\/02\/WhatsApp-Image-2022-01-25-at-2.23.23-PM.jpeg 1600w\" sizes=\"(max-width: 1024px) 100vw, 1024px\" \/><\/figure>\n<\/div>\n\n\n\n<div class=\"wp-block-column is-layout-flow wp-block-column-is-layout-flow\">\n<figure class=\"wp-block-image size-large\"><img loading=\"lazy\" decoding=\"async\" width=\"1024\" height=\"768\" src=\"https:\/\/puntabandera.org\/wp-content\/uploads\/2022\/02\/WhatsApp-Image-2022-01-25-at-2.22.20-PM-1024x768.jpeg\" alt=\"\" class=\"wp-image-176\" srcset=\"https:\/\/puntabandera.org\/wp-content\/uploads\/2022\/02\/WhatsApp-Image-2022-01-25-at-2.22.20-PM-1024x768.jpeg 1024w, https:\/\/puntabandera.org\/wp-content\/uploads\/2022\/02\/WhatsApp-Image-2022-01-25-at-2.22.20-PM-300x225.jpeg 300w, https:\/\/puntabandera.org\/wp-content\/uploads\/2022\/02\/WhatsApp-Image-2022-01-25-at-2.22.20-PM-768x576.jpeg 768w, https:\/\/puntabandera.org\/wp-content\/uploads\/2022\/02\/WhatsApp-Image-2022-01-25-at-2.22.20-PM-1536x1152.jpeg 1536w, https:\/\/puntabandera.org\/wp-content\/uploads\/2022\/02\/WhatsApp-Image-2022-01-25-at-2.22.20-PM.jpeg 1600w\" sizes=\"(max-width: 1024px) 100vw, 1024px\" \/><\/figure>\n<\/div>\n<\/div>\n\n\n\n<div class=\"wp-block-columns is-layout-flex wp-container-core-columns-is-layout-9d6595d7 wp-block-columns-is-layout-flex\">\n<div class=\"wp-block-column is-layout-flow wp-block-column-is-layout-flow\">\n<figure class=\"wp-block-image size-large\"><img loading=\"lazy\" decoding=\"async\" width=\"1024\" height=\"768\" src=\"https:\/\/puntabandera.org\/wp-content\/uploads\/2022\/04\/GOPR0514-1024x768.jpg\" alt=\"\" class=\"wp-image-265\" srcset=\"https:\/\/puntabandera.org\/wp-content\/uploads\/2022\/04\/GOPR0514-1024x768.jpg 1024w, https:\/\/puntabandera.org\/wp-content\/uploads\/2022\/04\/GOPR0514-300x225.jpg 300w, https:\/\/puntabandera.org\/wp-content\/uploads\/2022\/04\/GOPR0514-768x576.jpg 768w, https:\/\/puntabandera.org\/wp-content\/uploads\/2022\/04\/GOPR0514-1536x1152.jpg 1536w, https:\/\/puntabandera.org\/wp-content\/uploads\/2022\/04\/GOPR0514.jpg 2048w\" sizes=\"(max-width: 1024px) 100vw, 1024px\" \/><figcaption class=\"wp-element-caption\">Corales frente a Punta la Bandera<\/figcaption><\/figure>\n<\/div>\n\n\n\n<div class=\"wp-block-column is-layout-flow wp-block-column-is-layout-flow\">\n<figure class=\"wp-block-image size-large\"><img loading=\"lazy\" decoding=\"async\" width=\"1024\" height=\"768\" src=\"https:\/\/puntabandera.org\/wp-content\/uploads\/2022\/04\/GOPR0602-1024x768.jpg\" alt=\"\" class=\"wp-image-266\" srcset=\"https:\/\/puntabandera.org\/wp-content\/uploads\/2022\/04\/GOPR0602-1024x768.jpg 1024w, https:\/\/puntabandera.org\/wp-content\/uploads\/2022\/04\/GOPR0602-300x225.jpg 300w, https:\/\/puntabandera.org\/wp-content\/uploads\/2022\/04\/GOPR0602-768x576.jpg 768w, https:\/\/puntabandera.org\/wp-content\/uploads\/2022\/04\/GOPR0602-1536x1152.jpg 1536w, https:\/\/puntabandera.org\/wp-content\/uploads\/2022\/04\/GOPR0602.jpg 2048w\" sizes=\"(max-width: 1024px) 100vw, 1024px\" \/><figcaption class=\"wp-element-caption\">Elk horne coral (Acropora palmata)<\/figcaption><\/figure>\n<\/div>\n<\/div>\n\n\n\n<div class=\"wp-block-columns is-layout-flex wp-container-core-columns-is-layout-9d6595d7 wp-block-columns-is-layout-flex\">\n<div class=\"wp-block-column is-layout-flow wp-block-column-is-layout-flow\">\n<figure class=\"wp-block-image size-large\"><img loading=\"lazy\" decoding=\"async\" width=\"1024\" height=\"683\" src=\"https:\/\/puntabandera.org\/wp-content\/uploads\/2022\/04\/2V7A0335-1024x683.jpg\" alt=\"\" class=\"wp-image-263\" srcset=\"https:\/\/puntabandera.org\/wp-content\/uploads\/2022\/04\/2V7A0335-1024x683.jpg 1024w, https:\/\/puntabandera.org\/wp-content\/uploads\/2022\/04\/2V7A0335-300x200.jpg 300w, https:\/\/puntabandera.org\/wp-content\/uploads\/2022\/04\/2V7A0335-768x512.jpg 768w, https:\/\/puntabandera.org\/wp-content\/uploads\/2022\/04\/2V7A0335-1536x1025.jpg 1536w, https:\/\/puntabandera.org\/wp-content\/uploads\/2022\/04\/2V7A0335.jpg 2048w\" sizes=\"(max-width: 1024px) 100vw, 1024px\" \/><\/figure>\n<\/div>\n\n\n\n<div class=\"wp-block-column is-layout-flow wp-block-column-is-layout-flow\">\n<figure class=\"wp-block-image size-large\"><img loading=\"lazy\" decoding=\"async\" width=\"1024\" height=\"683\" src=\"https:\/\/puntabandera.org\/wp-content\/uploads\/2022\/04\/2V7A2964-1024x683.jpg\" alt=\"\" class=\"wp-image-264\" srcset=\"https:\/\/puntabandera.org\/wp-content\/uploads\/2022\/04\/2V7A2964-1024x683.jpg 1024w, https:\/\/puntabandera.org\/wp-content\/uploads\/2022\/04\/2V7A2964-300x200.jpg 300w, https:\/\/puntabandera.org\/wp-content\/uploads\/2022\/04\/2V7A2964-768x512.jpg 768w, https:\/\/puntabandera.org\/wp-content\/uploads\/2022\/04\/2V7A2964-1536x1024.jpg 1536w, https:\/\/puntabandera.org\/wp-content\/uploads\/2022\/04\/2V7A2964-2048x1365.jpg 2048w\" sizes=\"(max-width: 1024px) 100vw, 1024px\" \/><\/figure>\n<\/div>\n<\/div>\n\n\n\n<div class=\"wp-block-columns is-layout-flex wp-container-core-columns-is-layout-9d6595d7 wp-block-columns-is-layout-flex\">\n<div class=\"wp-block-column is-layout-flow wp-block-column-is-layout-flow\">\n<figure class=\"wp-block-image size-large\"><img loading=\"lazy\" decoding=\"async\" width=\"1024\" height=\"683\" src=\"https:\/\/puntabandera.org\/wp-content\/uploads\/2022\/04\/2V7A3359-1-1024x683.jpg\" alt=\"\" class=\"wp-image-261\" srcset=\"https:\/\/puntabandera.org\/wp-content\/uploads\/2022\/04\/2V7A3359-1-1024x683.jpg 1024w, https:\/\/puntabandera.org\/wp-content\/uploads\/2022\/04\/2V7A3359-1-300x200.jpg 300w, https:\/\/puntabandera.org\/wp-content\/uploads\/2022\/04\/2V7A3359-1-768x512.jpg 768w, https:\/\/puntabandera.org\/wp-content\/uploads\/2022\/04\/2V7A3359-1-1536x1025.jpg 1536w, https:\/\/puntabandera.org\/wp-content\/uploads\/2022\/04\/2V7A3359-1.jpg 2048w\" sizes=\"(max-width: 1024px) 100vw, 1024px\" \/><\/figure>\n<\/div>\n\n\n\n<div class=\"wp-block-column is-layout-flow wp-block-column-is-layout-flow\">\n<figure class=\"wp-block-image size-large\"><img loading=\"lazy\" decoding=\"async\" width=\"1024\" height=\"683\" src=\"https:\/\/puntabandera.org\/wp-content\/uploads\/2022\/04\/2V7A0375-1024x683.jpg\" alt=\"\" class=\"wp-image-262\" srcset=\"https:\/\/puntabandera.org\/wp-content\/uploads\/2022\/04\/2V7A0375-1024x683.jpg 1024w, https:\/\/puntabandera.org\/wp-content\/uploads\/2022\/04\/2V7A0375-300x200.jpg 300w, https:\/\/puntabandera.org\/wp-content\/uploads\/2022\/04\/2V7A0375-768x512.jpg 768w, https:\/\/puntabandera.org\/wp-content\/uploads\/2022\/04\/2V7A0375-1536x1025.jpg 1536w, https:\/\/puntabandera.org\/wp-content\/uploads\/2022\/04\/2V7A0375.jpg 2048w\" sizes=\"(max-width: 1024px) 100vw, 1024px\" \/><\/figure>\n<\/div>\n<\/div>\n\n\n\n<div class=\"wp-block-buttons is-horizontal is-content-justification-center is-layout-flex wp-container-core-buttons-is-layout-499968f5 wp-block-buttons-is-layout-flex\"><\/div>\n<\/div><\/div>\n<\/div>\n<\/div>\n<\/div><\/div>\n\n\n\n<div class=\"wp-block-group alignfull has-white-background-color has-background is-layout-flow wp-block-group-is-layout-flow\"><div class=\"wp-block-group__inner-container\">\n<div class=\"wp-block-columns is-layout-flex wp-container-core-columns-is-layout-9d6595d7 wp-block-columns-is-layout-flex\">\n<div class=\"wp-block-column is-layout-flow wp-block-column-is-layout-flow\" style=\"flex-basis:100%\">\n<div class=\"wp-block-columns is-layout-flex wp-container-core-columns-is-layout-9d6595d7 wp-block-columns-is-layout-flex\">\n<div class=\"wp-block-column is-layout-flow wp-block-column-is-layout-flow\" style=\"flex-basis:100%\"><\/div>\n<\/div>\n<\/div>\n<\/div>\n<\/div><\/div>\n","protected":false},"excerpt":{"rendered":"<p>Informamos a la ciudadan\u00eda que, aunque se ha aprobado la certificaci\u00f3n de deslinde para el \u00e1rea de Punta La Bandera, estamos en proceso de gestionar los documentos para impugnar dicha certificaci\u00f3n. Consideramos que existen serias razones legales y ambientales que justifican esta acci\u00f3n, por lo que procederemos a presentar los recursos pertinentes!<\/p>\n","protected":false},"author":1,"featured_media":0,"parent":0,"menu_order":0,"comment_status":"closed","ping_status":"closed","template":"","meta":{"om_disable_all_campaigns":false,"_monsterinsights_skip_tracking":false,"_monsterinsights_sitenote_active":false,"_monsterinsights_sitenote_note":"","_monsterinsights_sitenote_category":0,"site-sidebar-layout":"no-sidebar","site-content-layout":"plain-container","ast-main-header-display":"","ast-hfb-above-header-display":"","ast-hfb-below-header-display":"","ast-hfb-mobile-header-display":"","site-post-title":"disabled","ast-breadcrumbs-content":"","ast-featured-img":"","footer-sml-layout":"","theme-transparent-header-meta":"enabled","adv-header-id-meta":"","stick-header-meta":"","header-above-stick-meta":"","header-main-stick-meta":"","header-below-stick-meta":"","footnotes":""},"class_list":["post-10","page","type-page","status-publish","hentry"],"_links":{"self":[{"href":"https:\/\/puntabandera.org\/index.php?rest_route=\/wp\/v2\/pages\/10","targetHints":{"allow":["GET"]}}],"collection":[{"href":"https:\/\/puntabandera.org\/index.php?rest_route=\/wp\/v2\/pages"}],"about":[{"href":"https:\/\/puntabandera.org\/index.php?rest_route=\/wp\/v2\/types\/page"}],"author":[{"embeddable":true,"href":"https:\/\/puntabandera.org\/index.php?rest_route=\/wp\/v2\/users\/1"}],"replies":[{"embeddable":true,"href":"https:\/\/puntabandera.org\/index.php?rest_route=%2Fwp%2Fv2%2Fcomments&post=10"}],"version-history":[{"count":39,"href":"https:\/\/puntabandera.org\/index.php?rest_route=\/wp\/v2\/pages\/10\/revisions"}],"predecessor-version":[{"id":313,"href":"https:\/\/puntabandera.org\/index.php?rest_route=\/wp\/v2\/pages\/10\/revisions\/313"}],"wp:attachment":[{"href":"https:\/\/puntabandera.org\/index.php?rest_route=%2Fwp%2Fv2%2Fmedia&parent=10"}],"curies":[{"name":"wp","href":"https:\/\/api.w.org\/{rel}","templated":true}]}}